{"id":27,"date":"2024-04-24T16:03:24","date_gmt":"2024-04-24T14:03:24","guid":{"rendered":"http:\/\/peppinospaghettibar.pl\/?page_id=27"},"modified":"2025-01-16T13:06:42","modified_gmt":"2025-01-16T12:06:42","slug":"kontakt","status":"publish","type":"page","link":"https:\/\/peppinospaghettibar.pl\/pl_pl\/kontakt\/","title":{"rendered":"Kontakt"},"content":{"rendered":"\t\t<div data-elementor-type=\"wp-page\" data-elementor-id=\"27\" class=\"elementor elementor-27\" data-elementor-post-type=\"page\">\n\t\t\t\t<div class=\"elementor-element elementor-element-29137921 e-grid e-con-boxed e-con e-child\" data-id=\"29137921\" data-element_type=\"container\" data-e-type=\"container\">\n\t\t\t\t\t<div class=\"e-con-inner\">\n\t\t<div class=\"elementor-element elementor-element-6aeab2b2 e-con-full e-flex elementor-invisible e-con e-child\" data-id=\"6aeab2b2\" data-element_type=\"container\" data-e-type=\"container\" data-settings=\"{&quot;animation&quot;:&quot;fadeInLeft&quot;}\">\n\t\t\t\t<div class=\"elementor-element elementor-element-69d75bd8 elementor-widget elementor-widget-text-editor\" data-id=\"69d75bd8\" data-element_type=\"widget\" data-e-type=\"widget\" data-widget_type=\"text-editor.default\">\n\t\t\t\t<div class=\"elementor-widget-container\">\n\t\t\t\t\t\t\t\t\t<p>GRUNWALDZKA 20B<\/p>\t\t\t\t\t\t\t\t<\/div>\n\t\t\t\t<\/div>\n\t\t\t\t<div class=\"elementor-element elementor-element-469c46be elementor-widget elementor-widget-text-editor\" data-id=\"469c46be\" data-element_type=\"widget\" data-e-type=\"widget\" data-widget_type=\"text-editor.default\">\n\t\t\t\t<div class=\"elementor-widget-container\">\n\t\t\t\t\t\t\t\t\t<p>60-781 Pozna\u0144<br \/><a style=\"color: #cfb53b;\" href=\"&quot;tel:+48570103707\">Zadzwo\u0144: 570 103 707<\/a><\/p><p>Pon-pt: 10:00 &#8211; 19:00<br \/>Sob-niedz: 11:00 &#8211; 17:00<\/p>\t\t\t\t\t\t\t\t<\/div>\n\t\t\t\t<\/div>\n\t\t\t\t<div class=\"elementor-element elementor-element-4246a55a elementor-widget elementor-widget-text-editor\" data-id=\"4246a55a\" data-element_type=\"widget\" data-e-type=\"widget\" data-widget_type=\"text-editor.default\">\n\t\t\t\t<div class=\"elementor-widget-container\">\n\t\t\t\t\t\t\t\t\t<iframe src=\"https:\/\/www.google.com\/maps\/embed?pb=!1m18!1m12!1m3!1d2434.061503007054!2d16.898118413136416!3d52.40556154457827!2m3!1f0!2f0!3f0!3m2!1i1024!2i768!4f13.1!3m3!1m2!1s0x47044528a26e71d5%3A0x43839acf0e67f282!2sPeppino%20Spaghetti%20Bar!5e0!3m2!1spl!2spl!4v1714044669392!5m2!1spl!2spl\" width=\"200\" height=\"200\" style=\"border:0;\" allowfullscreen=\"\" loading=\"lazy\" referrerpolicy=\"no-referrer-when-downgrade\"><\/iframe>\t\t\t\t\t\t\t\t<\/div>\n\t\t\t\t<\/div>\n\t\t\t\t<div class=\"elementor-element elementor-element-4553fc9 elementor-widget elementor-widget-image\" data-id=\"4553fc9\" data-element_type=\"widget\" data-e-type=\"widget\" data-widget_type=\"image.default\">\n\t\t\t\t<div class=\"elementor-widget-container\">\n\t\t\t\t\t\t\t\t\t\t\t\t\t\t\t<img fetchpriority=\"high\" decoding=\"async\" width=\"480\" height=\"640\" src=\"https:\/\/peppinospaghettibar.pl\/wp-content\/uploads\/2024\/04\/IMG_4350-1.webp\" class=\"attachment-large size-large wp-image-262\" alt=\"\" srcset=\"https:\/\/peppinospaghettibar.pl\/wp-content\/uploads\/2024\/04\/IMG_4350-1.webp 480w, https:\/\/peppinospaghettibar.pl\/wp-content\/uploads\/2024\/04\/IMG_4350-1-225x300.webp 225w\" sizes=\"(max-width: 480px) 100vw, 480px\" \/>\t\t\t\t\t\t\t\t\t\t\t\t\t\t\t<\/div>\n\t\t\t\t<\/div>\n\t\t\t\t<\/div>\n\t\t<div class=\"elementor-element elementor-element-678768a2 e-con-full e-flex elementor-invisible e-con e-child\" data-id=\"678768a2\" data-element_type=\"container\" data-e-type=\"container\" data-settings=\"{&quot;animation&quot;:&quot;fadeIn&quot;}\">\n\t\t\t\t<div class=\"elementor-element elementor-element-124f9539 elementor-widget elementor-widget-text-editor\" data-id=\"124f9539\" data-element_type=\"widget\" data-e-type=\"widget\" data-widget_type=\"text-editor.default\">\n\t\t\t\t<div class=\"elementor-widget-container\">\n\t\t\t\t\t\t\t\t\t<p>PLAC WARY\u0143SKIEGO 12<\/p>\t\t\t\t\t\t\t\t<\/div>\n\t\t\t\t<\/div>\n\t\t\t\t<div class=\"elementor-element elementor-element-c9c7817 elementor-widget elementor-widget-text-editor\" data-id=\"c9c7817\" data-element_type=\"widget\" data-e-type=\"widget\" data-widget_type=\"text-editor.default\">\n\t\t\t\t<div class=\"elementor-widget-container\">\n\t\t\t\t\t\t\t\t\t<p>60-101 Pozna\u0144<br \/><a style=\"color: #cfb53b;\" href=\"&quot;tel:+48730505301\">Zadzwo\u0144: 730 505 301<\/a><\/p><p>Pon-pt: 10:00 &#8211; 18:00<br \/>Sob: 11:00 &#8211; 16:00<br \/>Niedz: 11:00 &#8211; 16:00<\/p>\t\t\t\t\t\t\t\t<\/div>\n\t\t\t\t<\/div>\n\t\t\t\t<div class=\"elementor-element elementor-element-38bfc782 elementor-widget elementor-widget-text-editor\" data-id=\"38bfc782\" data-element_type=\"widget\" data-e-type=\"widget\" data-widget_type=\"text-editor.default\">\n\t\t\t\t<div class=\"elementor-widget-container\">\n\t\t\t\t\t\t\t\t\t<iframe src=\"https:\/\/www.google.com\/maps\/embed?pb=!1m18!1m12!1m3!1d2433.472483536252!2d16.880542713136666!3d52.41623614378898!2m3!1f0!2f0!3f0!3m2!1i1024!2i768!4f13.1!3m3!1m2!1s0x47044512e25e76ad%3A0x501cb470d5870800!2sPeppino%20Spaghetti%20Bar!5e0!3m2!1spl!2spl!4v1714044956635!5m2!1spl!2spl\" width=\"200\" height=\"200\" style=\"border:0;\" allowfullscreen=\"\" loading=\"lazy\" referrerpolicy=\"no-referrer-when-downgrade\"><\/iframe>\t\t\t\t\t\t\t\t<\/div>\n\t\t\t\t<\/div>\n\t\t\t\t<div class=\"elementor-element elementor-element-05403fe elementor-widget elementor-widget-image\" data-id=\"05403fe\" data-element_type=\"widget\" data-e-type=\"widget\" data-widget_type=\"image.default\">\n\t\t\t\t<div class=\"elementor-widget-container\">\n\t\t\t\t\t\t\t\t\t\t\t\t\t\t\t<img decoding=\"async\" width=\"768\" height=\"1024\" src=\"https:\/\/peppinospaghettibar.pl\/wp-content\/uploads\/2024\/04\/IMG_4335-768x1024.webp\" class=\"attachment-large size-large wp-image-72\" alt=\"\" srcset=\"https:\/\/peppinospaghettibar.pl\/wp-content\/uploads\/2024\/04\/IMG_4335-768x1024.webp 768w, https:\/\/peppinospaghettibar.pl\/wp-content\/uploads\/2024\/04\/IMG_4335-225x300.webp 225w, https:\/\/peppinospaghettibar.pl\/wp-content\/uploads\/2024\/04\/IMG_4335-1152x1536.webp 1152w, https:\/\/peppinospaghettibar.pl\/wp-content\/uploads\/2024\/04\/IMG_4335.webp 1512w\" sizes=\"(max-width: 768px) 100vw, 768px\" \/>\t\t\t\t\t\t\t\t\t\t\t\t\t\t\t<\/div>\n\t\t\t\t<\/div>\n\t\t\t\t<\/div>\n\t\t<div class=\"elementor-element elementor-element-306324eb e-con-full e-flex elementor-invisible e-con e-child\" data-id=\"306324eb\" data-element_type=\"container\" data-e-type=\"container\" data-settings=\"{&quot;animation&quot;:&quot;fadeInRight&quot;}\">\n\t\t\t\t<div class=\"elementor-element elementor-element-4ccec8ba elementor-widget elementor-widget-text-editor\" data-id=\"4ccec8ba\" data-element_type=\"widget\" data-e-type=\"widget\" data-widget_type=\"text-editor.default\">\n\t\t\t\t<div class=\"elementor-widget-container\">\n\t\t\t\t\t\t\t\t\t<p>WODNA 13<\/p>\t\t\t\t\t\t\t\t<\/div>\n\t\t\t\t<\/div>\n\t\t\t\t<div class=\"elementor-element elementor-element-7a39b643 elementor-widget elementor-widget-text-editor\" data-id=\"7a39b643\" data-element_type=\"widget\" data-e-type=\"widget\" data-widget_type=\"text-editor.default\">\n\t\t\t\t<div class=\"elementor-widget-container\">\n\t\t\t\t\t\t\t\t\t<p>61-782 Pozna\u0144<br \/><a style=\"color: #cfb53b;\" href=\"&quot;tel:+48570103949\">Zadzwo\u0144: 570 103 949<\/a><\/p><p>Pon-pt: 10:00 &#8211; 19:00<br \/>Sob: 11:00 &#8211; 17:00<br \/>Niedz: 12:00 &#8211; 17:00<\/p>\t\t\t\t\t\t\t\t<\/div>\n\t\t\t\t<\/div>\n\t\t\t\t<div class=\"elementor-element elementor-element-38fcf7e6 elementor-widget elementor-widget-text-editor\" data-id=\"38fcf7e6\" data-element_type=\"widget\" data-e-type=\"widget\" data-widget_type=\"text-editor.default\">\n\t\t\t\t<div class=\"elementor-widget-container\">\n\t\t\t\t\t\t\t\t\t<iframe src=\"https:\/\/www.google.com\/maps\/embed?pb=!1m18!1m12!1m3!1d1767.4058246021652!2d16.935458968242465!3d52.407567541718144!2m3!1f0!2f0!3f0!3m2!1i1024!2i768!4f13.1!3m3!1m2!1s0x47045b3f7f4d4d33%3A0x5ef70498dc34f375!2sWodna%2013%2C%2061-782%20Pozna%C5%84!5e0!3m2!1spl!2spl!4v1736556584940!5m2!1spl!2spl\" width=\"200\" height=\"200\" style=\"border:0;\" allowfullscreen=\"\" loading=\"lazy\" referrerpolicy=\"no-referrer-when-downgrade\"><\/iframe>\t\t\t\t\t\t\t\t<\/div>\n\t\t\t\t<\/div>\n\t\t\t\t<div class=\"elementor-element elementor-element-1b0bf7d elementor-widget elementor-widget-image\" data-id=\"1b0bf7d\" data-element_type=\"widget\" data-e-type=\"widget\" data-widget_type=\"image.default\">\n\t\t\t\t<div class=\"elementor-widget-container\">\n\t\t\t\t\t\t\t\t\t\t\t\t\t\t\t<img decoding=\"async\" width=\"768\" height=\"1024\" src=\"https:\/\/peppinospaghettibar.pl\/wp-content\/uploads\/2024\/04\/IMG_1397-1-768x1024.webp\" class=\"attachment-large size-large wp-image-260\" alt=\"\" srcset=\"https:\/\/peppinospaghettibar.pl\/wp-content\/uploads\/2024\/04\/IMG_1397-1-768x1024.webp 768w, https:\/\/peppinospaghettibar.pl\/wp-content\/uploads\/2024\/04\/IMG_1397-1-225x300.webp 225w, https:\/\/peppinospaghettibar.pl\/wp-content\/uploads\/2024\/04\/IMG_1397-1-1152x1536.webp 1152w, https:\/\/peppinospaghettibar.pl\/wp-content\/uploads\/2024\/04\/IMG_1397-1.webp 1512w\" sizes=\"(max-width: 768px) 100vw, 768px\" \/>\t\t\t\t\t\t\t\t\t\t\t\t\t\t\t<\/div>\n\t\t\t\t<\/div>\n\t\t\t\t<\/div>\n\t\t\t\t\t<\/div>\n\t\t\t\t<\/div>\n\t\t\t\t<\/div>\n\t\t","protected":false},"excerpt":{"rendered":"<p>GRUNWALDZKA 20B 60-781 Pozna\u0144Zadzwo\u0144: 570 103 707 Pon-pt: 10:00 &#8211; 19:00Sob-niedz: 11:00 &#8211; 17:00 PLAC WARY\u0143SKIEGO 12 60-101 Pozna\u0144Zadzwo\u0144: 730 505 301 Pon-pt: 10:00 &#8211; 18:00Sob: 11:00 &#8211; 16:00Niedz: 11:00 &#8211; 16:00 WODNA 13 61-782 Pozna\u0144Zadzwo\u0144: 570 103 949 Pon-pt: 10:00 &#8211; 19:00Sob: 11:00 &#8211; 17:00Niedz: 12:00 &#8211; 17:00<\/p>\n","protected":false},"author":1,"featured_media":0,"parent":0,"menu_order":0,"comment_status":"closed","ping_status":"closed","template":"elementor_header_footer","meta":{"footnotes":""},"class_list":["post-27","page","type-page","status-publish","hentry"],"yoast_head":"<!-- This site is optimized with the Yoast SEO plugin v26.9 - https:\/\/yoast.com\/product\/yoast-seo-wordpress\/ -->\n<title>Kontakt | Peppino Spaghetti<\/title>\n<meta name=\"robots\" content=\"index, follow, max-snippet:-1, max-image-preview:large, max-video-preview:-1\" \/>\n<link rel=\"canonical\" href=\"https:\/\/peppinospaghettibar.pl\/pl_pl\/kontakt\/\" \/>\n<meta property=\"og:locale\" content=\"pl_PL\" \/>\n<meta property=\"og:type\" content=\"article\" \/>\n<meta property=\"og:title\" content=\"Kontakt | Peppino Spaghetti\" \/>\n<meta property=\"og:description\" content=\"GRUNWALDZKA 20B 60-781 Pozna\u0144Zadzwo\u0144: 570 103 707 Pon-pt: 10:00 &#8211; 19:00Sob-niedz: 11:00 &#8211; 17:00 PLAC WARY\u0143SKIEGO 12 60-101 Pozna\u0144Zadzwo\u0144: 730 505 301 Pon-pt: 10:00 &#8211; 18:00Sob: 11:00 &#8211; 16:00Niedz: 11:00 &#8211; 16:00 WODNA 13 61-782 Pozna\u0144Zadzwo\u0144: 570 103 949 Pon-pt: 10:00 &#8211; 19:00Sob: 11:00 &#8211; 17:00Niedz: 12:00 &#8211; 17:00\" \/>\n<meta property=\"og:url\" content=\"https:\/\/peppinospaghettibar.pl\/pl_pl\/kontakt\/\" \/>\n<meta property=\"og:site_name\" content=\"Peppino Spaghetti\" \/>\n<meta property=\"article:modified_time\" content=\"2025-01-16T12:06:42+00:00\" \/>\n<meta property=\"og:image\" content=\"https:\/\/peppinospaghettibar.pl\/wp-content\/uploads\/2024\/04\/IMG_4350-1.webp\" \/>\n<meta name=\"twitter:card\" content=\"summary_large_image\" \/>\n<meta name=\"twitter:label1\" content=\"Szacowany czas czytania\" \/>\n\t<meta name=\"twitter:data1\" content=\"1 minuta\" \/>\n<script type=\"application\/ld+json\" class=\"yoast-schema-graph\">{\"@context\":\"https:\/\/schema.org\",\"@graph\":[{\"@type\":\"WebPage\",\"@id\":\"https:\/\/peppinospaghettibar.pl\/pl_pl\/kontakt\/\",\"url\":\"https:\/\/peppinospaghettibar.pl\/pl_pl\/kontakt\/\",\"name\":\"Kontakt | Peppino Spaghetti\",\"isPartOf\":{\"@id\":\"https:\/\/peppinospaghettibar.pl\/en\/#website\"},\"primaryImageOfPage\":{\"@id\":\"https:\/\/peppinospaghettibar.pl\/pl_pl\/kontakt\/#primaryimage\"},\"image\":{\"@id\":\"https:\/\/peppinospaghettibar.pl\/pl_pl\/kontakt\/#primaryimage\"},\"thumbnailUrl\":\"https:\/\/peppinospaghettibar.pl\/wp-content\/uploads\/2024\/04\/IMG_4350-1.webp\",\"datePublished\":\"2024-04-24T14:03:24+00:00\",\"dateModified\":\"2025-01-16T12:06:42+00:00\",\"breadcrumb\":{\"@id\":\"https:\/\/peppinospaghettibar.pl\/pl_pl\/kontakt\/#breadcrumb\"},\"inLanguage\":\"pl-PL\",\"potentialAction\":[{\"@type\":\"ReadAction\",\"target\":[\"https:\/\/peppinospaghettibar.pl\/pl_pl\/kontakt\/\"]}]},{\"@type\":\"ImageObject\",\"inLanguage\":\"pl-PL\",\"@id\":\"https:\/\/peppinospaghettibar.pl\/pl_pl\/kontakt\/#primaryimage\",\"url\":\"https:\/\/peppinospaghettibar.pl\/wp-content\/uploads\/2024\/04\/IMG_4350-1.webp\",\"contentUrl\":\"https:\/\/peppinospaghettibar.pl\/wp-content\/uploads\/2024\/04\/IMG_4350-1.webp\"},{\"@type\":\"BreadcrumbList\",\"@id\":\"https:\/\/peppinospaghettibar.pl\/pl_pl\/kontakt\/#breadcrumb\",\"itemListElement\":[{\"@type\":\"ListItem\",\"position\":1,\"name\":\"Strona g\u0142\u00f3wna\",\"item\":\"https:\/\/peppinospaghettibar.pl\/pl_pl\/\"},{\"@type\":\"ListItem\",\"position\":2,\"name\":\"Kontakt\"}]},{\"@type\":\"WebSite\",\"@id\":\"https:\/\/peppinospaghettibar.pl\/en\/#website\",\"url\":\"https:\/\/peppinospaghettibar.pl\/en\/\",\"name\":\"Peppino Spaghetti\",\"description\":\"\",\"publisher\":{\"@id\":\"https:\/\/peppinospaghettibar.pl\/en\/#organization\"},\"potentialAction\":[{\"@type\":\"SearchAction\",\"target\":{\"@type\":\"EntryPoint\",\"urlTemplate\":\"https:\/\/peppinospaghettibar.pl\/en\/?s={search_term_string}\"},\"query-input\":{\"@type\":\"PropertyValueSpecification\",\"valueRequired\":true,\"valueName\":\"search_term_string\"}}],\"inLanguage\":\"pl-PL\"},{\"@type\":\"Organization\",\"@id\":\"https:\/\/peppinospaghettibar.pl\/en\/#organization\",\"name\":\"Peppino Spaghetti\",\"url\":\"https:\/\/peppinospaghettibar.pl\/en\/\",\"logo\":{\"@type\":\"ImageObject\",\"inLanguage\":\"pl-PL\",\"@id\":\"https:\/\/peppinospaghettibar.pl\/en\/#\/schema\/logo\/image\/\",\"url\":\"https:\/\/peppinospaghettibar.pl\/wp-content\/uploads\/2024\/04\/pepinobt.webp\",\"contentUrl\":\"https:\/\/peppinospaghettibar.pl\/wp-content\/uploads\/2024\/04\/pepinobt.webp\",\"width\":975,\"height\":402,\"caption\":\"Peppino Spaghetti\"},\"image\":{\"@id\":\"https:\/\/peppinospaghettibar.pl\/en\/#\/schema\/logo\/image\/\"}}]}<\/script>\n<!-- \/ Yoast SEO plugin. -->","yoast_head_json":{"title":"Kontakt | Peppino Spaghetti","robots":{"index":"index","follow":"follow","max-snippet":"max-snippet:-1","max-image-preview":"max-image-preview:large","max-video-preview":"max-video-preview:-1"},"canonical":"https:\/\/peppinospaghettibar.pl\/pl_pl\/kontakt\/","og_locale":"pl_PL","og_type":"article","og_title":"Kontakt | Peppino Spaghetti","og_description":"GRUNWALDZKA 20B 60-781 Pozna\u0144Zadzwo\u0144: 570 103 707 Pon-pt: 10:00 &#8211; 19:00Sob-niedz: 11:00 &#8211; 17:00 PLAC WARY\u0143SKIEGO 12 60-101 Pozna\u0144Zadzwo\u0144: 730 505 301 Pon-pt: 10:00 &#8211; 18:00Sob: 11:00 &#8211; 16:00Niedz: 11:00 &#8211; 16:00 WODNA 13 61-782 Pozna\u0144Zadzwo\u0144: 570 103 949 Pon-pt: 10:00 &#8211; 19:00Sob: 11:00 &#8211; 17:00Niedz: 12:00 &#8211; 17:00","og_url":"https:\/\/peppinospaghettibar.pl\/pl_pl\/kontakt\/","og_site_name":"Peppino Spaghetti","article_modified_time":"2025-01-16T12:06:42+00:00","og_image":[{"url":"https:\/\/peppinospaghettibar.pl\/wp-content\/uploads\/2024\/04\/IMG_4350-1.webp","type":"","width":"","height":""}],"twitter_card":"summary_large_image","twitter_misc":{"Szacowany czas czytania":"1 minuta"},"schema":{"@context":"https:\/\/schema.org","@graph":[{"@type":"WebPage","@id":"https:\/\/peppinospaghettibar.pl\/pl_pl\/kontakt\/","url":"https:\/\/peppinospaghettibar.pl\/pl_pl\/kontakt\/","name":"Kontakt | Peppino Spaghetti","isPartOf":{"@id":"https:\/\/peppinospaghettibar.pl\/en\/#website"},"primaryImageOfPage":{"@id":"https:\/\/peppinospaghettibar.pl\/pl_pl\/kontakt\/#primaryimage"},"image":{"@id":"https:\/\/peppinospaghettibar.pl\/pl_pl\/kontakt\/#primaryimage"},"thumbnailUrl":"https:\/\/peppinospaghettibar.pl\/wp-content\/uploads\/2024\/04\/IMG_4350-1.webp","datePublished":"2024-04-24T14:03:24+00:00","dateModified":"2025-01-16T12:06:42+00:00","breadcrumb":{"@id":"https:\/\/peppinospaghettibar.pl\/pl_pl\/kontakt\/#breadcrumb"},"inLanguage":"pl-PL","potentialAction":[{"@type":"ReadAction","target":["https:\/\/peppinospaghettibar.pl\/pl_pl\/kontakt\/"]}]},{"@type":"ImageObject","inLanguage":"pl-PL","@id":"https:\/\/peppinospaghettibar.pl\/pl_pl\/kontakt\/#primaryimage","url":"https:\/\/peppinospaghettibar.pl\/wp-content\/uploads\/2024\/04\/IMG_4350-1.webp","contentUrl":"https:\/\/peppinospaghettibar.pl\/wp-content\/uploads\/2024\/04\/IMG_4350-1.webp"},{"@type":"BreadcrumbList","@id":"https:\/\/peppinospaghettibar.pl\/pl_pl\/kontakt\/#breadcrumb","itemListElement":[{"@type":"ListItem","position":1,"name":"Strona g\u0142\u00f3wna","item":"https:\/\/peppinospaghettibar.pl\/pl_pl\/"},{"@type":"ListItem","position":2,"name":"Kontakt"}]},{"@type":"WebSite","@id":"https:\/\/peppinospaghettibar.pl\/en\/#website","url":"https:\/\/peppinospaghettibar.pl\/en\/","name":"Peppino Spaghetti","description":"","publisher":{"@id":"https:\/\/peppinospaghettibar.pl\/en\/#organization"},"potentialAction":[{"@type":"SearchAction","target":{"@type":"EntryPoint","urlTemplate":"https:\/\/peppinospaghettibar.pl\/en\/?s={search_term_string}"},"query-input":{"@type":"PropertyValueSpecification","valueRequired":true,"valueName":"search_term_string"}}],"inLanguage":"pl-PL"},{"@type":"Organization","@id":"https:\/\/peppinospaghettibar.pl\/en\/#organization","name":"Peppino Spaghetti","url":"https:\/\/peppinospaghettibar.pl\/en\/","logo":{"@type":"ImageObject","inLanguage":"pl-PL","@id":"https:\/\/peppinospaghettibar.pl\/en\/#\/schema\/logo\/image\/","url":"https:\/\/peppinospaghettibar.pl\/wp-content\/uploads\/2024\/04\/pepinobt.webp","contentUrl":"https:\/\/peppinospaghettibar.pl\/wp-content\/uploads\/2024\/04\/pepinobt.webp","width":975,"height":402,"caption":"Peppino Spaghetti"},"image":{"@id":"https:\/\/peppinospaghettibar.pl\/en\/#\/schema\/logo\/image\/"}}]}},"_links":{"self":[{"href":"https:\/\/peppinospaghettibar.pl\/pl_pl\/wp-json\/wp\/v2\/pages\/27","targetHints":{"allow":["GET"]}}],"collection":[{"href":"https:\/\/peppinospaghettibar.pl\/pl_pl\/wp-json\/wp\/v2\/pages"}],"about":[{"href":"https:\/\/peppinospaghettibar.pl\/pl_pl\/wp-json\/wp\/v2\/types\/page"}],"author":[{"embeddable":true,"href":"https:\/\/peppinospaghettibar.pl\/pl_pl\/wp-json\/wp\/v2\/users\/1"}],"replies":[{"embeddable":true,"href":"https:\/\/peppinospaghettibar.pl\/pl_pl\/wp-json\/wp\/v2\/comments?post=27"}],"version-history":[{"count":0,"href":"https:\/\/peppinospaghettibar.pl\/pl_pl\/wp-json\/wp\/v2\/pages\/27\/revisions"}],"wp:attachment":[{"href":"https:\/\/peppinospaghettibar.pl\/pl_pl\/wp-json\/wp\/v2\/media?parent=27"}],"curies":[{"name":"wp","href":"https:\/\/api.w.org\/{rel}","templated":true}]}}